{"id":163,"date":"2022-03-26T12:14:22","date_gmt":"2022-03-26T12:14:22","guid":{"rendered":"https:\/\/muehlenhof-stegen.de\/?page_id=163"},"modified":"2024-10-26T18:37:57","modified_gmt":"2024-10-26T18:37:57","slug":"aktivitaeten-2","status":"publish","type":"page","link":"https:\/\/muehlenhof-stegen.de\/?page_id=163","title":{"rendered":"Aktivit\u00e4ten"},"content":{"rendered":"<h4><\/h4>\n<h4 style=\"text-align: center;\"><em>Hier gibt es viel zu erleben:<\/em><\/h4>\n<p>&nbsp;<\/p>\n<p><img loading=\"lazy\" decoding=\"async\" class=\"size-full wp-image-184 aligncenter\" src=\"https:\/\/muehlenhof-stegen.de\/wp-content\/uploads\/2022\/03\/Radlergruppe.jpg\" alt=\"\" width=\"250\" height=\"167\" \/><\/p>\n<p style=\"text-align: center;\"><em>Entweder erkundet man mit dem Fahrrad oder zu Fu\u00df die herrlich weite und waldreiche Landschaft . . .<\/em><\/p>\n<p>&nbsp;<\/p>\n<p><img loading=\"lazy\" decoding=\"async\" class=\"size-full wp-image-182 aligncenter\" src=\"https:\/\/muehlenhof-stegen.de\/wp-content\/uploads\/2022\/03\/paddeln.jpg\" alt=\"\" width=\"250\" height=\"188\" \/><\/p>\n<p style=\"text-align: center;\"><em>. . . setzt das Kanu auf die Luhe und paddelt los . . .<\/em><\/p>\n<p>&nbsp;<\/p>\n<p><img loading=\"lazy\" decoding=\"async\" class=\"size-full wp-image-183 aligncenter\" src=\"https:\/\/muehlenhof-stegen.de\/wp-content\/uploads\/2022\/03\/Picknickgruppe.jpg\" alt=\"\" width=\"250\" height=\"167\" \/><\/p>\n<p style=\"text-align: center;\"><em>. . . oder man erholt sich auf der gro\u00dfen Terrasse und der Liegewiese.<\/em><\/p>\n<p>&nbsp;<\/p>\n<p style=\"text-align: center;\"><em>Rad- und Wanderwege beginnen direkt an unserem M\u00fchlenhof. Eine Mappe mit ausgearbeiteten Touren und Kartenmaterial liegt in der Wohnung bereit.<\/em><\/p>\n<p>&nbsp;<\/p>\n<p style=\"text-align: center;\" align=\"left\"><em>Ebenfalls finden Sie in unserer N\u00e4he viele interessante Attraktionen:<\/em><\/p>\n<ul>\n<li style=\"text-align: left;\"><em>der <a href=\"http:\/\/www.heidepark.de\" target=\"_blank\" rel=\"noopener\">Heide Park Soltau<\/a>, den gr\u00f6\u00dften Freizeit- und Familienpark in Norddeutschland,<\/em><\/li>\n<li style=\"text-align: left;\"><em>den <a href=\"http:\/\/www.centerparcs.de\/DE\/DE\/parks\/bispinger_heide\" target=\"_blank\" rel=\"noopener\">Center Parcs Bispingen<\/a>, mit dem Wellnesscenter aqua Mundo,<\/em><\/li>\n<li style=\"text-align: left;\"><em>das <a href=\"http:\/\/www.ms-kartcenter.de\/de\/home\/intro.php\" target=\"_blank\" rel=\"noopener\">Ralf Schumacher Kart &amp; Bowl<\/a>,<\/em><\/li>\n<li style=\"text-align: left;\"><em>den <a href=\"http:\/\/www.iserhatsche.de\" target=\"_blank\" rel=\"noopener\">Landschaftspark Iserhatsche<\/a> mit Montagnetto und Jagd-Villa,<\/em><\/li>\n<li style=\"text-align: left;\"><em>der <a href=\"http:\/\/www.vogelpark-walsrode.de\/main.html\" target=\"_blank\" rel=\"noopener\">Vogelpark Walsrode<\/a>, den gr\u00f6\u00dften Vogelpark der Welt,<\/em><\/li>\n<li style=\"text-align: left;\"><em>den<a href=\"http:\/\/www.wild-park.de\" target=\"_blank\" rel=\"noopener\"> Wildpark L\u00fcneburger Heide<\/a> in Nindorf,<\/em><\/li>\n<li style=\"text-align: left;\"><em>den <a href=\"http:\/\/www.serengeti-park.de\" target=\"_blank\" rel=\"noopener\">Serengeti Park<\/a> in Hodenhagen&#8230;<\/em><\/li>\n<\/ul>\n","protected":false},"excerpt":{"rendered":"<p>Hier gibt es viel zu erleben: &nbsp; Entweder erkundet man mit dem Fahrrad oder zu Fu\u00df die herrlich weite und waldreiche Landschaft . . . &nbsp; . . . setzt das Kanu auf die Luhe und paddelt los . . . &nbsp; . . . oder man erholt sich auf der gro\u00dfen Terrasse und der Liegewiese. &nbsp; Rad- und Wanderwege beginnen direkt an unserem M\u00fchlenhof. Eine Mappe mit ausgearbeiteten Touren und Kartenmaterial liegt in der Wohnung bereit. &nbsp; Ebenfalls finden Sie in unserer N\u00e4he viele interessante Attraktionen: der Heide Park Soltau, den gr\u00f6\u00dften Freizeit- und Familienpark in Norddeutschland, den Center Parcs Bispingen, mit dem Wellnesscenter aqua Mundo, das Ralf Schumacher Kart &amp; Bowl, den Landschaftspark Iserhatsche mit Montagnetto und Jagd-Villa, der Vogelpark Walsrode, den gr\u00f6\u00dften Vogelpark der Welt, den Wildpark L\u00fcneburger Heide in Nindorf, den Serengeti Park in Hodenhagen&#8230;<\/p>\n","protected":false},"author":2,"featured_media":0,"parent":0,"menu_order":0,"comment_status":"closed","ping_status":"closed","template":"","meta":{"footnotes":""},"class_list":["post-163","page","type-page","status-publish","hentry"],"_links":{"self":[{"href":"https:\/\/muehlenhof-stegen.de\/index.php?rest_route=\/wp\/v2\/pages\/163","targetHints":{"allow":["GET"]}}],"collection":[{"href":"https:\/\/muehlenhof-stegen.de\/index.php?rest_route=\/wp\/v2\/pages"}],"about":[{"href":"https:\/\/muehlenhof-stegen.de\/index.php?rest_route=\/wp\/v2\/types\/page"}],"author":[{"embeddable":true,"href":"https:\/\/muehlenhof-stegen.de\/index.php?rest_route=\/wp\/v2\/users\/2"}],"replies":[{"embeddable":true,"href":"https:\/\/muehlenhof-stegen.de\/index.php?rest_route=%2Fwp%2Fv2%2Fcomments&post=163"}],"version-history":[{"count":12,"href":"https:\/\/muehlenhof-stegen.de\/index.php?rest_route=\/wp\/v2\/pages\/163\/revisions"}],"predecessor-version":[{"id":701,"href":"https:\/\/muehlenhof-stegen.de\/index.php?rest_route=\/wp\/v2\/pages\/163\/revisions\/701"}],"wp:attachment":[{"href":"https:\/\/muehlenhof-stegen.de\/index.php?rest_route=%2Fwp%2Fv2%2Fmedia&parent=163"}],"curies":[{"name":"wp","href":"https:\/\/api.w.org\/{rel}","templated":true}]}}