{"id":25,"date":"2022-03-23T16:04:01","date_gmt":"2022-03-23T16:04:01","guid":{"rendered":"https:\/\/muehlenhof-stegen.de\/?page_id=25"},"modified":"2026-01-18T19:00:29","modified_gmt":"2026-01-18T19:00:29","slug":"preise","status":"publish","type":"page","link":"https:\/\/muehlenhof-stegen.de\/?page_id=25","title":{"rendered":"Preise"},"content":{"rendered":"<h3 style=\"text-align: center;\"><em>Preise ab 1. Januar 2025:<\/em><\/h3>\n<p>&nbsp;<\/p>\n<h4 style=\"text-align: left;\"><em>In der Hauptsaison (Feiertage, Osterferien, Pfingstferien<\/em><br \/>\n<em>und vom 27. 6. bis 24. 10. 2026) berechnen wir f\u00fcr 2 Personen:<\/em><\/h4>\n<p>&nbsp;<\/p>\n<table border=\"0\" cellspacing=\"0\" cellpadding=\"3\">\n<tbody>\n<tr>\n<td style=\"text-align: left;\" rowspan=\"2\" valign=\"top\" bgcolor=\"#f4ac6e\" width=\"400\"><\/td>\n<td align=\"right\" valign=\"top\" bgcolor=\"#f4ac6e\" width=\"55\"><\/td>\n<td style=\"text-align: left;\" align=\"right\" valign=\"top\" bgcolor=\"#f4ac6e\" width=\"172\"><\/td>\n<\/tr>\n<tr>\n<td style=\"text-align: left;\" align=\"right\" valign=\"top\" bgcolor=\"#f4ac6e\"><\/td>\n<td style=\"text-align: left;\" align=\"right\" valign=\"top\" bgcolor=\"#f4ac6e\"><\/td>\n<\/tr>\n<tr>\n<td rowspan=\"2\" valign=\"top\">\u00a0Ferienwohnung<\/p>\n<p>\u201eZum H\u00fchnerhof\u201c<\/p>\n<p><b><br \/>\n<\/b>Ferienwohnung (55 m\u00b2) mit zwei Schlafzimmern und Geschirrsp\u00fclmaschine<\/td>\n<td style=\"text-align: left;\" align=\"right\" valign=\"top\"><strong>125,\u2013\u20ac<br \/>\n<\/strong><\/td>\n<td style=\"text-align: left;\" align=\"right\" valign=\"top\">f\u00fcr den 1. Tag inkl. Endreinigung<\/td>\n<\/tr>\n<tr>\n<td style=\"text-align: left;\" align=\"right\" valign=\"top\"><strong>65,\u2013 \u20ac<\/strong><\/td>\n<td style=\"text-align: left;\" align=\"right\" valign=\"top\">ab dem 2. Tag<\/td>\n<\/tr>\n<tr>\n<td style=\"text-align: left;\" rowspan=\"2\" valign=\"top\" bgcolor=\"#f4ac6e\"><\/td>\n<td style=\"text-align: left;\" align=\"right\" valign=\"top\" bgcolor=\"#f4ac6e\"><\/td>\n<td style=\"text-align: left;\" align=\"right\" valign=\"top\" bgcolor=\"#f4ac6e\"><\/td>\n<\/tr>\n<tr>\n<td style=\"text-align: left;\" align=\"right\" valign=\"top\" bgcolor=\"#f4ac6e\"><\/td>\n<td style=\"text-align: left;\" align=\"right\" valign=\"top\" bgcolor=\"#f4ac6e\"><\/td>\n<\/tr>\n<\/tbody>\n<\/table>\n<p>&nbsp;<\/p>\n<p><em>F\u00fcr jede weitere Person berechnen wir 10,\u2013 Euro am Tag. F\u00fcr Kinder 0\u20133 Jahre berechnen wir 5,\u2013 \u20ac am Tag. Strom wird nach Verbrauch berechnet.<\/em><\/p>\n<p><em>Die Endreinigung betr\u00e4gt f\u00fcr 2 Personen \u20ac 60.- , f\u00fcr jede weitere Person kommen \u20ac 5.- hinzu.<\/em><\/p>\n<p><em>Bettw\u00e4sche und Handt\u00fccher sind pro Person einmal pro Buchung inklusive.\u00a0 Handtuchwechsel bei Aufenthalt ab einer Woche.<\/em><\/p>\n<p><em>Wir nehmen keine Gasthunde auf.<\/em><\/p>\n<p><em>Die Ferienwohnung steht am Anreisetag ab 15 Uhr zur Verf\u00fcgung.<\/em><\/p>\n<p>&nbsp;<\/p>\n<p>&nbsp;<\/p>\n<h5><em>In der Nebensaison geben wir bis zu 20% Erm\u00e4\u00dfigung! Fragen Sie uns, wir machen Ihnen gern ein Angebot!<\/em><\/h5>\n","protected":false},"excerpt":{"rendered":"<p>Preise ab 1. Januar 2025: &nbsp; In der Hauptsaison (Feiertage, Osterferien, Pfingstferien und vom 27. 6. bis 24. 10. 2026) berechnen wir f\u00fcr 2 Personen: &nbsp; \u00a0Ferienwohnung \u201eZum H\u00fchnerhof\u201c Ferienwohnung (55 m\u00b2) mit zwei Schlafzimmern und Geschirrsp\u00fclmaschine 125,\u2013\u20ac f\u00fcr den 1. Tag inkl. Endreinigung 65,\u2013 \u20ac ab dem 2. Tag &nbsp; F\u00fcr jede weitere Person berechnen wir 10,\u2013 Euro am Tag. F\u00fcr Kinder 0\u20133 Jahre berechnen wir 5,\u2013 \u20ac am Tag. Strom wird nach Verbrauch berechnet. Die Endreinigung betr\u00e4gt f\u00fcr 2 Personen \u20ac 60.- , f\u00fcr jede weitere Person kommen \u20ac 5.- hinzu. Bettw\u00e4sche und Handt\u00fccher sind pro Person einmal pro Buchung inklusive.\u00a0 Handtuchwechsel bei Aufenthalt ab einer Woche. Wir nehmen keine Gasthunde auf. Die Ferienwohnung steht am Anreisetag ab 15 Uhr zur Verf\u00fcgung. &nbsp; &nbsp; In der Nebensaison geben wir bis zu 20% Erm\u00e4\u00dfigung! Fragen Sie uns, wir machen Ihnen gern ein Angebot!<\/p>\n","protected":false},"author":2,"featured_media":0,"parent":0,"menu_order":0,"comment_status":"closed","ping_status":"closed","template":"","meta":{"footnotes":""},"class_list":["post-25","page","type-page","status-publish","hentry"],"_links":{"self":[{"href":"https:\/\/muehlenhof-stegen.de\/index.php?rest_route=\/wp\/v2\/pages\/25","targetHints":{"allow":["GET"]}}],"collection":[{"href":"https:\/\/muehlenhof-stegen.de\/index.php?rest_route=\/wp\/v2\/pages"}],"about":[{"href":"https:\/\/muehlenhof-stegen.de\/index.php?rest_route=\/wp\/v2\/types\/page"}],"author":[{"embeddable":true,"href":"https:\/\/muehlenhof-stegen.de\/index.php?rest_route=\/wp\/v2\/users\/2"}],"replies":[{"embeddable":true,"href":"https:\/\/muehlenhof-stegen.de\/index.php?rest_route=%2Fwp%2Fv2%2Fcomments&post=25"}],"version-history":[{"count":49,"href":"https:\/\/muehlenhof-stegen.de\/index.php?rest_route=\/wp\/v2\/pages\/25\/revisions"}],"predecessor-version":[{"id":733,"href":"https:\/\/muehlenhof-stegen.de\/index.php?rest_route=\/wp\/v2\/pages\/25\/revisions\/733"}],"wp:attachment":[{"href":"https:\/\/muehlenhof-stegen.de\/index.php?rest_route=%2Fwp%2Fv2%2Fmedia&parent=25"}],"curies":[{"name":"wp","href":"https:\/\/api.w.org\/{rel}","templated":true}]}}